{"id":14541,"date":"2018-05-06T15:44:31","date_gmt":"2018-05-06T13:44:31","guid":{"rendered":"http:\/\/drive-smart.com\/es\/?page_id=14541"},"modified":"2025-09-05T15:05:03","modified_gmt":"2025-09-05T13:05:03","slug":"cookies","status":"publish","type":"page","link":"https:\/\/drive-smart.com\/es\/cookies\/","title":{"rendered":"Pol\u00edtica de cookies"},"content":{"rendered":"\n<h3 class=\"wp-block-heading\">Pol\u00edtica de cookies<\/h3>\n\n\n\n<p class=\"P8\"><span class=\"T2\" data-h5p=\"text:span=2\">Esta Pol\u00edtica de Cookies es complemento de la Pol\u00edtica de Privacidad del sitio web www.drive-smart.com\u00a0(en adelante, el \u201cSitio Web\u201d) titularidad de DriveSmart S.L. (en adelante, \u201c<strong><span id=\"_gjdgxs\" data-bookmarkstart=\"_gjdgxs\" data-h5p=\"text:bookmark=1\"><span class=\"T2\" data-h5p=\"text:span=9\"><span style=\"color: #20c69b;\"><strong>DriveSmart<\/strong><\/span><\/span><\/span><\/strong>\u201d). El acceso y la navegaci\u00f3n por el Sitio Web, o el uso de los servicios del mismo, implican la aceptaci\u00f3n de lo establecido en Aviso Legal del Sitio Web y de su Pol\u00edtica de Privacidad.<\/span><\/p>\n\n\n\n<p class=\"P8\"><span id=\"_gjdgxs\" data-bookmarkstart=\"_gjdgxs\" data-h5p=\"text:bookmark=1\"><span class=\"T2\" data-h5p=\"text:span=9\">Con el fin de facilitar la navegaci\u00f3n por el Sitio Web, <span style=\"color: #20c69b;\"><strong>DriveSmart<\/strong><\/span>, con domicilio social en la Calle Pr\u00edncipe de Vergara 57, escalera A, 1\u00ba B. CP: 28006, Madrid, con CIF B-06853311, le comunica que utiliza cookies u otros archivos de funcionalidad similar (en adelante, las \u201cCookies\u201d).<\/span><\/span><\/p>\n\n\n\n<div style=\"height:28px\" aria-hidden=\"true\" class=\"wp-block-spacer\"><\/div>\n\n\n\n<h5 class=\"wp-block-heading P8\"><span class=\"T3\" data-h5p=\"text:span=12\" style=\"color: #1d2d38;\"><strong>\u00bfQu\u00e9 es una Cookie?<\/strong><\/span><\/h5>\n\n\n\n<p class=\"P8\"><span class=\"T2\" data-h5p=\"text:span=13\">Las Cookies son archivos que contienen peque\u00f1as cantidades de informaci\u00f3n que se descargan en el dispositivo del usuario cuando visita una p\u00e1gina web. Las cookies permiten a una p\u00e1gina web, entre otras cosas, almacenar y recuperar informaci\u00f3n sobre los h\u00e1bitos de navegaci\u00f3n de un usuario o de su equipo y, dependiendo de la informaci\u00f3n que contengan y de la forma en que utilice su equipo, pueden utilizarse para reconocer al usuario.&nbsp;Su finalidad principal es mejorar la calidad y ofrecer un mejor uso de <a href=\"https:\/\/drive-smart.com\/es\/\" target=\"_blank\" rel=\"noopener noreferrer\">Sitio Web<\/a>.<\/span><\/p>\n\n\n\n<p class=\"P8\"><span class=\"T2\" data-h5p=\"text:span=14\">El navegador del usuario memoriza cookies en el disco duro solamente durante la sesi\u00f3n actual ocupando un espacio de memoria m\u00ednimo y no perjudicando al ordenador. Las cookies no contienen ninguna clase de informaci\u00f3n personal espec\u00edfica, y la mayor\u00eda de las mismas se borran del disco duro al finalizar la sesi\u00f3n de navegador (las denominadas cookies de sesi\u00f3n).<\/span><\/p>\n\n\n\n<p>La mayor\u00eda de los navegadores aceptan como est\u00e1ndar a las cookies y, con independencia de las mismas, permiten o impiden en los ajustes de seguridad las cookies temporales o memorizadas.<\/p>\n\n\n\n<p>Sin su expreso consentimiento \u2013mediante la activaci\u00f3n de las cookies en su navegador\u2013<span id=\"_gjdgxs\" data-bookmarkstart=\"_gjdgxs\" data-h5p=\"text:bookmark=1\"><span class=\"T2\" data-h5p=\"text:span=9\"><span style=\"color: #20c69b;\"><strong>DriveSmart\u00a0<\/strong><\/span><\/span><\/span>no enlazar\u00e1 en las cookies los datos memorizados con sus datos personales proporcionados en el momento del registro o la compra.<\/p>\n\n\n\n<p class=\"P8\"><span class=\"T2\" data-h5p=\"text:span=14\">Las Cookies son esenciales para el funcionamiento de Internet, ya que ayudan, entre otras funciones, a identificar y resolver posibles errores de funcionamiento del Sitio Web.<\/span><\/p>\n\n\n\n<div style=\"height:28px\" aria-hidden=\"true\" class=\"wp-block-spacer\"><\/div>\n\n\n\n<h5 class=\"wp-block-heading P8\"><span class=\"T3\" data-h5p=\"text:span=15\" style=\"color: #1d2d38;\"><strong>Uso de Cookies por parte de DriveSmart<\/strong><\/span><\/h5>\n\n\n\n<p class=\"P8\"><span class=\"T2\" data-h5p=\"text:span=16\">El acceso al Sitio Web supone la aceptaci\u00f3n expresa de la utilizaci\u00f3n de las Cookies detalladas en la presente Pol\u00edtica en aquellos dispositivos utilizados para realizar dicho acceso. Si se desactivan las Cookies, puede que el uso del Sitio Web no sea \u00f3ptimo y algunas de las utilidades de que dispone el Sitio Web no funcionen correctamente.<\/span><\/p>\n\n\n\n<p class=\"P8\"><span class=\"T2\" data-h5p=\"text:span=17\">Concretamente, <span id=\"_gjdgxs\" data-bookmarkstart=\"_gjdgxs\" data-h5p=\"text:bookmark=1\"><span style=\"color: #20c69b;\"><strong>DriveSmart&nbsp;<\/strong><\/span><\/span>est\u00e1 utilizando las Cookies para la identificaci\u00f3n de aquellos usuarios que aceptan el uso de cookies por parte del Sitio Web y permitir la instalaci\u00f3n de las mimas, permitir el log-in de los usuarios en aquellos casos en los que \u00e9ste sea necesario para acceder a determinadas secciones de Sitio Web, as\u00ed como recordar los datos de log-in de dichos usuarios en futuras visitas y poder ofrecer as\u00ed una experiencia de navegaci\u00f3n m\u00e1s c\u00f3moda, as\u00ed como evaluar el uso del Sitio Web y la actividad del mismo.<\/span><\/p>\n\n\n\n<p class=\"P8\"><span class=\"T2\" data-h5p=\"text:span=18\">Asimismo, las Cookies ayudan protegen a los usuarios de posibles ataques que puedan recibir de terceros.<\/span><\/p>\n\n\n\n<div style=\"height:28px\" aria-hidden=\"true\" class=\"wp-block-spacer\"><\/div>\n\n\n\n<h5 class=\"wp-block-heading P8\"><span class=\"T3\" data-h5p=\"text:span=19\">Cookies propias<\/span><\/h5>\n\n\n\n<div style=\"height:14px\" aria-hidden=\"true\" class=\"wp-block-spacer\"><\/div>\n\n\n\n<h5 class=\"wp-block-heading Standard\"><span class=\"T2\" data-h5p=\"text:span=20\">Cookies t\u00e9cnicas y de personalizaci\u00f3n:<\/span><\/h5>\n\n\n\n<p><strong>\u00bfQu\u00e9 tipos de cookies utiliza esta p\u00e1gina web? <\/strong><\/p>\n\n\n\n<p>&#8211; <strong>Cookies t\u00e9cnicas<\/strong>: Son aqu\u00e9llas que permiten al usuario la navegaci\u00f3n a trav\u00e9s de una p\u00e1gina web, plataforma o aplicaci\u00f3n y la utilizaci\u00f3n de las diferentes opciones o servicios que en ella existan como, por ejemplo, controlar el tr\u00e1fico y la comunicaci\u00f3n de datos, identificar la sesi\u00f3n, acceder a partes de acceso restringido, recordar los elementos que integran un pedido, realizar el proceso de compra de un pedido, realizar la solicitud de inscripci\u00f3n o participaci\u00f3n en un evento, utilizar elementos de seguridad durante la navegaci\u00f3n, almacenar contenidos para la difusi\u00f3n de videos o sonido o compartir contenidos a trav\u00e9s de redes sociales.<\/p>\n\n\n\n<p>&#8211; <strong>Cookies de personalizaci\u00f3n<\/strong>: Son aqu\u00e9llas que permiten al usuario acceder al servicio con algunas caracter\u00edsticas de car\u00e1cter general predefinidas en funci\u00f3n de una serie de criterios en el terminal del usuario como por ejemplo serian el idioma, el tipo de navegador a trav\u00e9s del cual accede al servicio, la configuraci\u00f3n regional desde donde accede al servicio, etc.<\/p>\n\n\n\n<p>&#8211; <strong>Cookies de an\u00e1lisis<\/strong>: Son aqu\u00e9llas que bien tratadas por nosotros o por terceros, nos permiten cuantificar el n\u00famero de usuarios y as\u00ed realizar la medici\u00f3n y an\u00e1lisis estad\u00edstico de la utilizaci\u00f3n que hacen los usuarios del servicio ofertado. Para ello se analiza su navegaci\u00f3n en nuestra p\u00e1gina web con el fin de mejorar la oferta de productos o servicios que le ofrecemos.<\/p>\n\n\n\n<p>&#8211; <strong>Cookies publicitarias<\/strong>: Son aqu\u00e9llas que, bien tratadas por nosotros o por terceros, nos permiten gestionar de la forma m\u00e1s eficaz posible la oferta de los espacios publicitarios que hay en la p\u00e1gina web, adecuando el contenido del anuncio al contenido del servicio solicitado o al uso que realice de nuestra p\u00e1gina web. Para ello podemos analizar sus h\u00e1bitos de navegaci\u00f3n en Internet y podemos mostrarle publicidad relacionada con su perfil de navegaci\u00f3n.<\/p>\n\n\n\n<p>&#8211; <strong>Cookies de publicidad comportamental<\/strong>: Son aqu\u00e9llas que permiten la gesti\u00f3n, de la forma m\u00e1s eficaz posible, de los espacios publicitarios que, en su caso, el editor haya incluido en una p\u00e1gina web, aplicaci\u00f3n o plataforma desde la que presta el servicio solicitado. Estas cookies almacenan informaci\u00f3n del comportamiento de los usuarios obtenida a trav\u00e9s de la observaci\u00f3n continuada de sus h\u00e1bitos de navegaci\u00f3n, lo que permite desarrollar un perfil espec\u00edfico para mostrar publicidad en funci\u00f3n del mismo.<\/p>\n\n\n\n<p><strong>Cookies de terceros<\/strong>: La Web de <span id=\"_gjdgxs\" data-bookmarkstart=\"_gjdgxs\" data-h5p=\"text:bookmark=1\"><span class=\"T2\" data-h5p=\"text:span=9\"><span style=\"color: #20c69b;\"><strong>DriveSmart\u00a0<\/strong><\/span><\/span><\/span>puede utilizar\u00a0servicios de terceros que, por cuenta de <span id=\"_gjdgxs\" data-bookmarkstart=\"_gjdgxs\" data-h5p=\"text:bookmark=1\"><span class=\"T2\" data-h5p=\"text:span=9\"><span style=\"color: #20c69b;\"><strong>DriveSmart<\/strong><\/span><\/span><\/span>, recopilaran informaci\u00f3n con fines estad\u00edsticos, de uso del Site por parte del usuario y para la prestaci\u00f3n de otros servicios relacionados con la actividad del Website y otros servicios de Internet.<\/p>\n\n\n\n<p>En particular, este sitio Web utiliza Google Analytics, un servicio anal\u00edtico de web prestado por Google, Inc. con domicilio en los Estados Unidos con sede central en 1600 Amphitheatre Parkway, Mountain View, California 94043.&nbsp; Para la prestaci\u00f3n de estos servicios, estos&nbsp;utilizan cookies que recopilan la informaci\u00f3n, incluida la direcci\u00f3n IP del usuario, que ser\u00e1&nbsp;transmitida, tratada y almacenada por&nbsp;Google&nbsp;en los t\u00e9rminos fijados en la Web Google.com. Incluyendo la posible&nbsp;transmisi\u00f3n de dicha informaci\u00f3n a terceros por razones de exigencia legal o cuando dichos terceros&nbsp;procesen la informaci\u00f3n por cuenta de Google.<\/p>\n\n\n\n<div style=\"height:14px\" aria-hidden=\"true\" class=\"wp-block-spacer\"><\/div>\n\n\n\n<h5 class=\"wp-block-heading Standard\"><span class=\"T3\" data-h5p=\"text:span=22\"><strong>Listado de Cookies que utilizamos:&nbsp;<\/strong><\/span><\/h5>\n\n\n\n<div class=\"dxoResponsiveTable\">\n<table class=\"Table1\" style=\"width: 897px;\" data-h5p=\"table:table=1\" data-table-name=\"Table1\"><colgroup> <col class=\" Table1_A\" data-h5p=\"table:table-column=1\"> <col class=\" Table1_B\" data-h5p=\"table:table-column=2\"> <col class=\" Table1_C\" data-h5p=\"table:table-column=3\"> <col class=\" Table1_D\" data-h5p=\"table:table-column=4\"><\/colgroup>\n<tbody>\n<tr class=\"Table1_1\" style=\"height: 71px;\" data-h5p=\"table:table-row=1\">\n<td class=\"Table1_A1\" style=\"width: 151px; text-align: center; height: 71px;\" data-h5p=\"table:table-cell=1\" data-type=\"string\">\n<p class=\"P4\" data-h5p=\"text:p=35\"><strong><span class=\"T8\" data-h5p=\"text:span=24\">NOMBRE<\/span><\/strong><\/p>\n<\/td>\n<td class=\"Table1_A1\" style=\"width: 266px; text-align: center; height: 71px;\" data-h5p=\"table:table-cell=2\" data-type=\"string\">\n<p class=\"P15\" data-h5p=\"text:p=37\"><strong><span class=\"T8\" data-h5p=\"text:span=26\">URL DEL QUE SE DESCARGA<\/span><\/strong><\/p>\n<\/td>\n<td class=\"Table1_A1\" style=\"width: 367px; text-align: center; height: 71px;\" data-h5p=\"table:table-cell=3\" data-type=\"string\">\n<p class=\"P15\" data-h5p=\"text:p=38\"><strong><span class=\"T8\" data-h5p=\"text:span=27\">FINALIDAD DE LA COOKIE<\/span><\/strong><\/p>\n<\/td>\n<td class=\"Table1_A1\" style=\"width: 87px; text-align: center; height: 71px;\" data-h5p=\"table:table-cell=4\" data-type=\"string\">\n<p class=\"P15\" data-h5p=\"text:p=39\"><strong><span class=\"T8\" data-h5p=\"text:span=28\">DURACI\u00d3N<\/span><\/strong><\/p>\n<\/td>\n<\/tr>\n<tr class=\"Table1_2\" style=\"height: 140px;\" data-h5p=\"table:table-row=2\">\n<td class=\"Table1_A2\" style=\"width: 151px; text-align: center; height: 140px;\" data-h5p=\"table:table-cell=5\" data-type=\"string\">\n<p class=\"P15\" data-h5p=\"text:p=40\"><span class=\"T2\" data-h5p=\"text:span=29\">Google Analytics<\/span><\/p>\n<\/td>\n<td class=\"Table1_B2\" style=\"width: 266px; text-align: center; height: 140px;\" data-h5p=\"table:table-cell=6\" data-type=\"string\">\n<p class=\"P15\" data-h5p=\"text:p=41\"><span class=\"T2\" data-h5p=\"text:span=30\">www.google-analytics.com%2Fanalytics.js&amp;v=2&amp;t=script<\/span><\/p>\n<\/td>\n<td class=\"Table1_C2\" style=\"width: 367px; text-align: center; height: 140px;\" data-h5p=\"table:table-cell=7\" data-type=\"string\">\n<p class=\"P14\" data-h5p=\"text:p=42\"><span class=\"T2\" data-h5p=\"text:span=31\">Nos permiten obtener la informaci\u00f3n sobre c\u00f3mo los usuarios interact\u00faan con el contenido de nuestra p\u00e1gina web Las cookies de Google Analytics recopilan la informaci\u00f3n de forma an\u00f3nima.<\/span><\/p>\n<\/td>\n<td class=\"Table1_D2\" style=\"width: 87px; text-align: center; height: 140px;\" data-h5p=\"table:table-cell=8\" data-type=\"string\">\n<p class=\"P15\" data-h5p=\"text:p=45\"><span class=\"T2\" data-h5p=\"text:span=32\">2 a\u00f1os<\/span><\/p>\n<p class=\"P16\" data-h5p=\"text:p=47\">&nbsp;<\/p>\n<\/td>\n<\/tr>\n<tr class=\"Table1_2\" style=\"height: 95.6562px;\" data-h5p=\"table:table-row=2\">\n<td class=\"Table1_A2\" style=\"width: 151px; text-align: center; height: 95.6562px;\" data-h5p=\"table:table-cell=5\" data-type=\"string\">\n<p class=\"P15\" data-h5p=\"text:p=40\"><span class=\"T2\" data-h5p=\"text:span=29\">Adjust<\/span><\/p>\n<\/td>\n<td class=\"Table1_B2\" style=\"width: 266px; text-align: center; height: 95.6562px;\" data-h5p=\"table:table-cell=6\" data-type=\"string\">\n<p class=\"P15\" data-h5p=\"text:p=41\">www.adjust.com<\/p>\n<\/td>\n<td class=\"Table1_C2\" style=\"width: 367px; text-align: center; height: 95.6562px;\" data-h5p=\"table:table-cell=7\" data-type=\"string\">\n<p class=\"P14\" data-h5p=\"text:p=42\"><span class=\"T2\" data-h5p=\"text:span=31\">Nos permite obtener informaci\u00f3n sobre el n\u00famero de descargas que se est\u00e1n generando a trav\u00e9s de nuestra p\u00e1gina web.<\/span><\/p>\n<\/td>\n<td class=\"Table1_D2\" style=\"width: 87px; text-align: center; height: 95.6562px;\" data-h5p=\"table:table-cell=8\" data-type=\"string\">\n<p class=\"P15\" data-h5p=\"text:p=45\">1 mes<\/p>\n<\/td>\n<\/tr>\n<\/tbody>\n<\/table>\n<\/div>\n\n\n\n<div style=\"height:28px\" aria-hidden=\"true\" class=\"wp-block-spacer\"><\/div>\n\n\n\n<h5 class=\"wp-block-heading P8\"><span class=\"T3\" data-h5p=\"text:span=33\"><strong>Configuraci\u00f3n del usuario para evitar Cookies<\/strong><\/span><\/h5>\n\n\n\n<p class=\"P8\"><span class=\"T2\" data-h5p=\"text:span=34\">En cumplimiento de la normativa legal vigente, ponemos a su disposici\u00f3n la informaci\u00f3n que le permita configurar su navegador\/navegadores de Internet para mantener su privacidad y seguridad en relaci\u00f3n con las Cookies. Por ello, le facilitamos la informaci\u00f3n y enlaces a los sitios de soporte oficiales de los principales navegadores para que pueda decidir si desea o no aceptar el uso de Cookies.<\/span><\/p>\n\n\n\n<p class=\"P8\"><span class=\"T2\" data-h5p=\"text:span=35\">As\u00ed, puede bloquear las Cookies a trav\u00e9s de las herramientas de configuraci\u00f3n del navegador, o bien, puede configurar su navegador para que le avise cuando un servidor quiera guardar una Cookie: <\/span><\/p>\n\n\n\n<ul id=\"list218695719499854443\" class=\"wp-block-list WWNum1\">\n<li><p class=\"P18\" data-h5p=\"text:p=55\"><span class=\"T2\" data-h5p=\"text:span=36\"><strong>Internet Explorer<\/strong>: Herramientas &gt;&nbsp;Opciones de Internet &gt;&nbsp;Privacidad &gt;&nbsp;Configuraci\u00f3n<\/span><\/p><br><\/li>\n\n\n\n<li><p class=\"P19\" data-h5p=\"text:p=56\"><span class=\"T2\" data-h5p=\"text:span=43\"><strong>Firefox:<\/strong> Herramientas &gt;&nbsp;Opciones &gt;&nbsp;Privacidad &gt;&nbsp;Historial &gt;&nbsp;Configuraci\u00f3n Personalizada<\/span><\/p><br><\/li>\n\n\n\n<li><p class=\"P19\" data-h5p=\"text:p=57\"><span class=\"T2\" data-h5p=\"text:span=52\"><strong>Chrome:<\/strong> Configuraci\u00f3n &gt;&nbsp;Mostrar opciones avanzadas &gt;&nbsp;Privacidad &gt;&nbsp;Configuraci\u00f3n de contenido<\/span><\/p><br><\/li>\n\n\n\n<li><p class=\"P19\" data-h5p=\"text:p=58\"><span class=\"T2\" data-h5p=\"text:span=59\"><strong>Safari:<\/strong> Preferencias &gt;<span class=\"T2\" data-h5p=\"text:span=61\">&nbsp;Seguridad<\/span><\/span><\/p><br><\/li>\n<\/ul>\n\n\n\n<p class=\"P8\"><span class=\"T2\" data-h5p=\"text:span=62\">En caso de que el usuario decida desactivar todas las Cookies, la calidad y rapidez del servicio podr\u00eda disminuir. Puede encontrar m\u00e1s informaci\u00f3n sobre cookies en: <a href=\"http:\/\/www.allaboutcookies.org\">www.allaboutcookies.org <\/a><\/span><\/p>\n\n\n\n<p class=\"P8\"><span class=\"T2\" data-h5p=\"text:span=63\">Si tiene dudas sobre esta pol\u00edtica de cookies, puede contactar con <span id=\"_gjdgxs\" data-bookmarkstart=\"_gjdgxs\" data-h5p=\"text:bookmark=1\"><span style=\"color: #20c69b;\"><strong>DriveSmart&nbsp;<\/strong><\/span><\/span>en <a href=\"mailto:info@drive-smart.com\">info@drive-smart.com<\/a>.<\/span><\/p>\n\n\n\n<p class=\"P8\"><em><span class=\"T3\" data-h5p=\"text:span=65\">\u00daltima actualizaci\u00f3n: 27 de enero de 2022<\/span><\/em><\/p>\n\n\n\n<div style=\"height:28px\" aria-hidden=\"true\" class=\"wp-block-spacer\"><\/div>\n\n\n\n<p class=\"Standard\">&nbsp;<\/p>\n","protected":false},"excerpt":{"rendered":"<p>Pol\u00edtica de cookies Esta Pol\u00edtica de Cookies es complemento de la Pol\u00edtica de Privacidad del sitio web www.drive-smart.com\u00a0(en adelante, el \u201cSitio Web\u201d) titularidad de DriveSmart S.L. (en adelante, \u201cDriveSmart\u201d). El acceso y la navegaci\u00f3n por el Sitio Web, o el uso de los servicios del mismo, implican la aceptaci\u00f3n de lo establecido en Aviso Legal [&hellip;]<\/p>\n","protected":false},"author":1,"featured_media":0,"parent":0,"menu_order":0,"comment_status":"closed","ping_status":"closed","template":"page-no-title","meta":{"footnotes":""},"class_list":["post-14541","page","type-page","status-publish","hentry"],"_links":{"self":[{"href":"https:\/\/drive-smart.com\/es\/wp-json\/wp\/v2\/pages\/14541","targetHints":{"allow":["GET"]}}],"collection":[{"href":"https:\/\/drive-smart.com\/es\/wp-json\/wp\/v2\/pages"}],"about":[{"href":"https:\/\/drive-smart.com\/es\/wp-json\/wp\/v2\/types\/page"}],"author":[{"embeddable":true,"href":"https:\/\/drive-smart.com\/es\/wp-json\/wp\/v2\/users\/1"}],"replies":[{"embeddable":true,"href":"https:\/\/drive-smart.com\/es\/wp-json\/wp\/v2\/comments?post=14541"}],"version-history":[{"count":13,"href":"https:\/\/drive-smart.com\/es\/wp-json\/wp\/v2\/pages\/14541\/revisions"}],"predecessor-version":[{"id":61462,"href":"https:\/\/drive-smart.com\/es\/wp-json\/wp\/v2\/pages\/14541\/revisions\/61462"}],"wp:attachment":[{"href":"https:\/\/drive-smart.com\/es\/wp-json\/wp\/v2\/media?parent=14541"}],"curies":[{"name":"wp","href":"https:\/\/api.w.org\/{rel}","templated":true}]}}