{"id":1016,"date":"2014-04-24T09:28:48","date_gmt":"2014-04-24T07:28:48","guid":{"rendered":"http:\/\/drive-smart.com\/?page_id=1016"},"modified":"2026-05-05T15:10:43","modified_gmt":"2026-05-05T13:10:43","slug":"blog","status":"publish","type":"page","link":"https:\/\/drive-smart.com\/es\/blog\/","title":{"rendered":"Blog DriveSmart"},"content":{"rendered":"<ul class=\"wp-block-categories-list wp-block-categories\">\t<li class=\"cat-item cat-item-594\"><a href=\"https:\/\/drive-smart.com\/es\/blog\/categorias\/box-de-expertos\/\">Box de expertos<\/a>\n<\/li>\n\t<li class=\"cat-item cat-item-85\"><a href=\"https:\/\/drive-smart.com\/es\/blog\/categorias\/esta-pasando\/\">Est\u00e1 pasando&#8230;<\/a>\n<\/li>\n\t<li class=\"cat-item cat-item-134\"><a href=\"https:\/\/drive-smart.com\/es\/blog\/categorias\/mundo-drive-smart\/\">Mundo DriveSmart<\/a>\n<\/li>\n\t<li class=\"cat-item cat-item-92\"><a href=\"https:\/\/drive-smart.com\/es\/blog\/categorias\/para-ti-conductor\/\">Para ti, conductor<\/a>\n<\/li>\n\t<li class=\"cat-item cat-item-95\"><a href=\"https:\/\/drive-smart.com\/es\/blog\/categorias\/seguridad-vial\/\">Seguridad vial<\/a>\n<\/li>\n<\/ul>\n\n\n<div style=\"height:100px\" aria-hidden=\"true\" class=\"wp-block-spacer\"><\/div>\n\n\n<form role=\"search\" method=\"get\" action=\"https:\/\/drive-smart.com\/es\/\" class=\"wp-block-search__button-outside wp-block-search__text-button wp-block-search\"    ><label class=\"wp-block-search__label\" for=\"wp-block-search__input-1\" >\u00bfQu\u00e9 est\u00e1s buscando?<\/label><div class=\"wp-block-search__inside-wrapper \" ><input class=\"wp-block-search__input\" id=\"wp-block-search__input-1\" placeholder=\"Indica aqu\u00ed sobre qu\u00e9 quieres encontrar informaci\u00f3n o ayuda\" value=\"\" type=\"search\" name=\"s\" required \/><button aria-label=\"Buscar\" class=\"wp-block-search__button has-text-color has-base-2-color wp-element-button\" type=\"submit\" >Buscar<\/button><\/div><\/form>","protected":false},"excerpt":{"rendered":"","protected":false},"author":1,"featured_media":0,"parent":0,"menu_order":0,"comment_status":"closed","ping_status":"closed","template":"wp-custom-template-blog-2025-con-barra-lateral","meta":{"footnotes":""},"class_list":["post-1016","page","type-page","status-publish","hentry"],"_links":{"self":[{"href":"https:\/\/drive-smart.com\/es\/wp-json\/wp\/v2\/pages\/1016","targetHints":{"allow":["GET"]}}],"collection":[{"href":"https:\/\/drive-smart.com\/es\/wp-json\/wp\/v2\/pages"}],"about":[{"href":"https:\/\/drive-smart.com\/es\/wp-json\/wp\/v2\/types\/page"}],"author":[{"embeddable":true,"href":"https:\/\/drive-smart.com\/es\/wp-json\/wp\/v2\/users\/1"}],"replies":[{"embeddable":true,"href":"https:\/\/drive-smart.com\/es\/wp-json\/wp\/v2\/comments?post=1016"}],"version-history":[{"count":41,"href":"https:\/\/drive-smart.com\/es\/wp-json\/wp\/v2\/pages\/1016\/revisions"}],"predecessor-version":[{"id":60143,"href":"https:\/\/drive-smart.com\/es\/wp-json\/wp\/v2\/pages\/1016\/revisions\/60143"}],"wp:attachment":[{"href":"https:\/\/drive-smart.com\/es\/wp-json\/wp\/v2\/media?parent=1016"}],"curies":[{"name":"wp","href":"https:\/\/api.w.org\/{rel}","templated":true}]}}